{"id":10595,"date":"2020-07-08T20:03:45","date_gmt":"2020-07-09T00:03:45","guid":{"rendered":"https:\/\/www.vcdweb.com\/?page_id=10595"},"modified":"2023-11-20T15:24:15","modified_gmt":"2023-11-20T20:24:15","slug":"privacy-policy","status":"publish","type":"page","link":"https:\/\/www.vcdweb.com\/en\/privacy-policy\/","title":{"rendered":"Privacy Policy"},"content":{"rendered":"<p>[et_pb_section fb_built=&#8221;1&#8243; admin_label=&#8221;section&#8221; _builder_version=&#8221;4.16&#8243; global_colors_info=&#8221;{}&#8221;][et_pb_row admin_label=&#8221;row&#8221; _builder_version=&#8221;4.16&#8243; background_size=&#8221;initial&#8221; background_position=&#8221;top_left&#8221; background_repeat=&#8221;repeat&#8221; global_colors_info=&#8221;{}&#8221;][et_pb_column type=&#8221;4_4&#8243; _builder_version=&#8221;4.16&#8243; custom_padding=&#8221;|||&#8221; global_colors_info=&#8221;{}&#8221; custom_padding__hover=&#8221;|||&#8221;][et_pb_text _builder_version=&#8221;4.18.0&#8243; hover_enabled=&#8221;0&#8243; global_colors_info=&#8221;{}&#8221; sticky_enabled=&#8221;0&#8243;]<\/p>\n<h1><span style=\"color: #000000;\"><strong>Privacy Policy<\/strong><\/span><\/h1>\n<p>&nbsp;<\/p>\n<p>The purpose of this privacy policy is to inform users of our site <a href=\"https:\/\/www.vcdweb.com\/\">https:\/\/www.vcdweb.com\/<\/a> the personal data we collect and how we use it.<\/p>\n<p>VINCENZO COMM DESIGN INC. complies strictly with Quebec&#8217;s Bill 25 regarding the protection of personal information.<\/p>\n<p>This privacy policy also details our commitment and the measures taken to ensure the security of your personal information:<\/p>\n<ol>\n<li>Types of personal data collected<\/li>\n<li>Use of personal data collected<\/li>\n<li>Data security protocols<\/li>\n<li>Your rights<\/li>\n<\/ol>\n<p><strong>\u00a0<\/strong><\/p>\n<h3><strong>Types of personal information collected<\/strong><\/h3>\n<p><strong>Data collected automatically<\/strong><\/p>\n<p>When you visit <a href=\"https:\/\/www.vcdweb.com\/\">https:\/\/www.vcdweb.com\/,<\/a>\u00a0we automatically collect information about your device and your interaction with our site via the Google Analytics tool.<\/p>\n<p>This includes the following data:<\/p>\n<ul>\n<li>IP Address<\/li>\n<li>Location<\/li>\n<li>Content the user views on our site<\/li>\n<li>Links a user clicks on while visiting the site<\/li>\n<\/ul>\n<p><strong>Personal data not collected automatically<\/strong><\/p>\n<p>Your personal data is collected via :<\/p>\n<ul>\n<li>Contact form<\/li>\n<\/ul>\n<p>This includes the following data:<\/p>\n<ul>\n<li>First name<\/li>\n<li>Last Name<\/li>\n<li>E-mail address<\/li>\n<\/ul>\n<p><strong>Use of personal information collected<\/strong><\/p>\n<p>Please note that we only collect data that helps us achieve the purpose stated in this privacy policy. We will not collect any additional data without informing you first.<\/p>\n<p>We use this data to:<\/p>\n<ul>\n<li>Send promotional offers and targeted communications via our newsletter<\/li>\n<li>Perform statistical analyses to improve the site<\/li>\n<li>Track orders<\/li>\n<\/ul>\n<p><strong>Safety measures<\/strong><\/p>\n<p>Your data is stored in a secure, controlled environment. We use SSL protocols and robust security measures to prevent unauthorized access. We will not sell or share your data with third parties except as required by law or in the event of legal proceedings. We may disclose to any member of our organization such user data as they reasonably require to carry out the purposes set out in this policy.<\/p>\n<p><strong>International transfer<\/strong><\/p>\n<p>User data may be consulted, processed or collected in the following countries:<\/p>\n<ul>\n<li>Canada<\/li>\n<li>United States<\/li>\n<li>Others<\/li>\n<\/ul>\n<p><strong>Duration of use of personal data<\/strong><\/p>\n<p>We store personal data for a period of 10 years. We will ensure that users are notified if their data is stored for longer than this period.<\/p>\n<p><strong>In the event of a data leak<\/strong><\/p>\n<p>In the event of a leak of your personal data, we undertake to keep you and the <em>Commission d&#8217;Acc\u00e8s \u00e0 l&#8217;Information du Qu\u00e9bec<\/em> informed.<\/p>\n<p>&nbsp;<\/p>\n<h3><strong>Your rights <\/strong><\/h3>\n<p><strong>User rights<\/strong><\/p>\n<p>If you are a resident of Quebec, in accordance with Bill 25, you have specific rights regarding your personal data:<\/p>\n<ul>\n<li>Right to be informed<\/li>\n<li>Right of access<\/li>\n<li>Right to rectification<\/li>\n<li>Right to data portability<\/li>\n<\/ul>\n<p>You have the right to object to the use of your data and to withdraw it.<\/p>\n<p>To exercise these rights, please contact our Data Protection Officer:<\/p>\n<ul>\n<li>Address: 2210-2200 Sauv\u00e9 Ouest, Montr\u00e9al QC H4N 0E1<\/li>\n<li>Email:<a href=\"mailto:info@vcdweb.com\"> info@vcdweb.com<\/a><\/li>\n<li>Telephone: 514-529-5669<\/li>\n<li>Website\u00a0: <a href=\"https:\/\/www.vcdweb.com\/contact\">https:\/\/www.vcdweb.com\/contact<\/a><\/li>\n<\/ul>\n<p><strong>Right of access and rectification<\/strong><\/p>\n<p>You may consult, modify or delete your data. To do so, please use the same contact details as above.<\/p>\n<p><strong>Consent and withdrawal<\/strong><\/p>\n<p>You can visit our site without revealing your identity. However, some features require the collection of personal data. You always have the choice not to provide this information.<\/p>\n<p><strong>Minors<\/strong><\/p>\n<p>Bill 25 specifies that persons under the age of 14 are considered minors for the purposes of data collection. Their personal information may not be collected from them without the consent of the holder of parental authority or guardian, except where such collection is clearly for the benefit of the minor.<\/p>\n<p><strong>External links<\/strong><\/p>\n<p>Our site may contain links to other websites. We are not responsible for their privacy practices.<\/p>\n<p><strong>Contact<\/strong><\/p>\n<p>Our privacy policy was last updated on 11\/20\/2023. If you have any questions about this privacy policy, you can contact us via <a href=\"mailto:info@vcdweb.com\">info@vcdweb.com<\/a>.<\/p>\n<p>By using our site <a href=\"https:\/\/www.vcdweb.com\/\">https:\/\/www.vcdweb.com\/<\/a>, you agree to the terms of this privacy policy.<\/p>\n<p>[\/et_pb_text][\/et_pb_column][\/et_pb_row][\/et_pb_section]<\/p>\n","protected":false},"excerpt":{"rendered":"<p>This page is used to inform website visitors about our policies regarding the collection, use, and disclosure of Personal Information if anyone decided to use our Service as offered on our Website.\n<a href=\"https:\/\/www.vcdweb.com\/en\/privacy-policy\/\">[ + ]<\/a><\/p>","protected":false},"author":4,"featured_media":0,"parent":0,"menu_order":0,"comment_status":"closed","ping_status":"closed","template":"","meta":{"_et_pb_use_builder":"on","_et_pb_old_content":"","_et_gb_content_width":"","_exactmetrics_skip_tracking":false,"_exactmetrics_sitenote_active":false,"_exactmetrics_sitenote_note":"","_exactmetrics_sitenote_category":0,"footnotes":""},"class_list":["post-10595","page","type-page","status-publish","hentry"],"yoast_head":"<!-- This site is optimized with the Yoast SEO plugin v26.4 - https:\/\/yoast.com\/wordpress\/plugins\/seo\/ -->\n<title>Privacy Policy | VCD Web Marketing<\/title>\n<meta name=\"description\" content=\"Read about our policies regarding collection, use, and disclosure of Personal Information if anyone decided to use our Service as offered on our Website.\" \/>\n<meta name=\"robots\" content=\"index, follow, max-snippet:-1, max-image-preview:large, max-video-preview:-1\" \/>\n<link rel=\"canonical\" href=\"https:\/\/www.vcdweb.com\/en\/privacy-policy\/\" \/>\n<meta property=\"og:locale\" content=\"en_US\" \/>\n<meta property=\"og:type\" content=\"article\" \/>\n<meta property=\"og:title\" content=\"Privacy Policy | VCD Web Marketing\" \/>\n<meta property=\"og:description\" content=\"Read about our policies regarding collection, use, and disclosure of Personal Information if anyone decided to use our Service as offered on our Website.\" \/>\n<meta property=\"og:url\" content=\"https:\/\/www.vcdweb.com\/en\/privacy-policy\/\" \/>\n<meta property=\"og:site_name\" content=\"VCD Web Marketing\" \/>\n<meta property=\"article:publisher\" content=\"https:\/\/www.facebook.com\/vcommdes\" \/>\n<meta property=\"article:modified_time\" content=\"2023-11-20T20:24:15+00:00\" \/>\n<meta name=\"twitter:card\" content=\"summary_large_image\" \/>\n<meta name=\"twitter:label1\" content=\"Est. reading time\" \/>\n\t<meta name=\"twitter:data1\" content=\"3 minutes\" \/>\n<script type=\"application\/ld+json\" class=\"yoast-schema-graph\">{\"@context\":\"https:\/\/schema.org\",\"@graph\":[{\"@type\":\"WebPage\",\"@id\":\"https:\/\/www.vcdweb.com\/en\/privacy-policy\/\",\"url\":\"https:\/\/www.vcdweb.com\/en\/privacy-policy\/\",\"name\":\"Privacy Policy | VCD Web Marketing\",\"isPartOf\":{\"@id\":\"https:\/\/www.vcdweb.com\/#website\"},\"datePublished\":\"2020-07-09T00:03:45+00:00\",\"dateModified\":\"2023-11-20T20:24:15+00:00\",\"description\":\"Read about our policies regarding collection, use, and disclosure of Personal Information if anyone decided to use our Service as offered on our Website.\",\"breadcrumb\":{\"@id\":\"https:\/\/www.vcdweb.com\/en\/privacy-policy\/#breadcrumb\"},\"inLanguage\":\"en-US\",\"potentialAction\":[{\"@type\":\"ReadAction\",\"target\":[\"https:\/\/www.vcdweb.com\/en\/privacy-policy\/\"]}]},{\"@type\":\"BreadcrumbList\",\"@id\":\"https:\/\/www.vcdweb.com\/en\/privacy-policy\/#breadcrumb\",\"itemListElement\":[{\"@type\":\"ListItem\",\"position\":1,\"name\":\"Accueil\",\"item\":\"https:\/\/www.vcdweb.com\/en\/\"},{\"@type\":\"ListItem\",\"position\":2,\"name\":\"Privacy Policy\"}]},{\"@type\":\"WebSite\",\"@id\":\"https:\/\/www.vcdweb.com\/#website\",\"url\":\"https:\/\/www.vcdweb.com\/\",\"name\":\"VCD Web Marketing\",\"description\":\"\",\"potentialAction\":[{\"@type\":\"SearchAction\",\"target\":{\"@type\":\"EntryPoint\",\"urlTemplate\":\"https:\/\/www.vcdweb.com\/?s={search_term_string}\"},\"query-input\":{\"@type\":\"PropertyValueSpecification\",\"valueRequired\":true,\"valueName\":\"search_term_string\"}}],\"inLanguage\":\"en-US\"}]}<\/script>\n<!-- \/ Yoast SEO plugin. -->","yoast_head_json":{"title":"Privacy Policy | VCD Web Marketing","description":"Read about our policies regarding collection, use, and disclosure of Personal Information if anyone decided to use our Service as offered on our Website.","robots":{"index":"index","follow":"follow","max-snippet":"max-snippet:-1","max-image-preview":"max-image-preview:large","max-video-preview":"max-video-preview:-1"},"canonical":"https:\/\/www.vcdweb.com\/en\/privacy-policy\/","og_locale":"en_US","og_type":"article","og_title":"Privacy Policy | VCD Web Marketing","og_description":"Read about our policies regarding collection, use, and disclosure of Personal Information if anyone decided to use our Service as offered on our Website.","og_url":"https:\/\/www.vcdweb.com\/en\/privacy-policy\/","og_site_name":"VCD Web Marketing","article_publisher":"https:\/\/www.facebook.com\/vcommdes","article_modified_time":"2023-11-20T20:24:15+00:00","twitter_card":"summary_large_image","twitter_misc":{"Est. reading time":"3 minutes"},"schema":{"@context":"https:\/\/schema.org","@graph":[{"@type":"WebPage","@id":"https:\/\/www.vcdweb.com\/en\/privacy-policy\/","url":"https:\/\/www.vcdweb.com\/en\/privacy-policy\/","name":"Privacy Policy | VCD Web Marketing","isPartOf":{"@id":"https:\/\/www.vcdweb.com\/#website"},"datePublished":"2020-07-09T00:03:45+00:00","dateModified":"2023-11-20T20:24:15+00:00","description":"Read about our policies regarding collection, use, and disclosure of Personal Information if anyone decided to use our Service as offered on our Website.","breadcrumb":{"@id":"https:\/\/www.vcdweb.com\/en\/privacy-policy\/#breadcrumb"},"inLanguage":"en-US","potentialAction":[{"@type":"ReadAction","target":["https:\/\/www.vcdweb.com\/en\/privacy-policy\/"]}]},{"@type":"BreadcrumbList","@id":"https:\/\/www.vcdweb.com\/en\/privacy-policy\/#breadcrumb","itemListElement":[{"@type":"ListItem","position":1,"name":"Accueil","item":"https:\/\/www.vcdweb.com\/en\/"},{"@type":"ListItem","position":2,"name":"Privacy Policy"}]},{"@type":"WebSite","@id":"https:\/\/www.vcdweb.com\/#website","url":"https:\/\/www.vcdweb.com\/","name":"VCD Web Marketing","description":"","potentialAction":[{"@type":"SearchAction","target":{"@type":"EntryPoint","urlTemplate":"https:\/\/www.vcdweb.com\/?s={search_term_string}"},"query-input":{"@type":"PropertyValueSpecification","valueRequired":true,"valueName":"search_term_string"}}],"inLanguage":"en-US"}]}},"_links":{"self":[{"href":"https:\/\/www.vcdweb.com\/en\/wp-json\/wp\/v2\/pages\/10595","targetHints":{"allow":["GET"]}}],"collection":[{"href":"https:\/\/www.vcdweb.com\/en\/wp-json\/wp\/v2\/pages"}],"about":[{"href":"https:\/\/www.vcdweb.com\/en\/wp-json\/wp\/v2\/types\/page"}],"author":[{"embeddable":true,"href":"https:\/\/www.vcdweb.com\/en\/wp-json\/wp\/v2\/users\/4"}],"replies":[{"embeddable":true,"href":"https:\/\/www.vcdweb.com\/en\/wp-json\/wp\/v2\/comments?post=10595"}],"version-history":[{"count":3,"href":"https:\/\/www.vcdweb.com\/en\/wp-json\/wp\/v2\/pages\/10595\/revisions"}],"predecessor-version":[{"id":11200,"href":"https:\/\/www.vcdweb.com\/en\/wp-json\/wp\/v2\/pages\/10595\/revisions\/11200"}],"wp:attachment":[{"href":"https:\/\/www.vcdweb.com\/en\/wp-json\/wp\/v2\/media?parent=10595"}],"curies":[{"name":"wp","href":"https:\/\/api.w.org\/{rel}","templated":true}]}}